{"id":8401,"date":"2023-06-15T14:17:00","date_gmt":"2023-06-15T13:17:00","guid":{"rendered":"https:\/\/teszt.madarassy-legal.com\/?page_id=8401"},"modified":"2025-06-23T09:07:20","modified_gmt":"2025-06-23T08:07:20","slug":"rechtliche-unterstutzung-fur-unternehmen-in-ungarn","status":"publish","type":"page","link":"https:\/\/www.madarassy-legal.com\/de\/rechtliche-unterstutzung-fur-unternehmen-in-ungarn\/","title":{"rendered":"Rechtliche Unterst\u00fctzung f\u00fcr Unternehmen in Ungarn"},"content":{"rendered":"\n<h2 class=\"wp-block-heading has-large-font-size\">Unsere Dienstleistungen<\/h2>\n\n\n\n<ul class=\"wp-block-list\">\n<li>Unsere Anwaltskanzlei bietet umfangreiche juristische Dienstleistungen in Ungarn f\u00fcr eine breite Palette von Gesellschaften, darunter kleine, mittlere und gro\u00dfe Unternehmen. Wir unterst\u00fctzen Unternehmen aus verschiedenen Gesch\u00e4ftsbereichen bei ihren t\u00e4glichen rechtlichen Angelegenheiten.<\/li>\n\n\n\n<li>Wir sind stolz darauf, einen erstklassigen Service zu einem g\u00fcnstigen Stundensatz anzubieten und dank der Gr\u00f6\u00dfe unserer Kanzlei sind wir jederzeit f\u00fcr unsere deutschsprachigen Mandanten erreichbar.<\/li>\n\n\n\n<li>Unsere Kanzlei bietet umfassende Rechtsdienstleistungen in allen Bereichen des Wirtschaftsrechts in Ungarn an und legt besonderen Wert darauf, unseren Mandanten eine n\u00fctzliche Beratung in allen rechtlichen Fragen zu bieten, die im Leben einer Gesellschaft auftreten und damit die Entscheidungsfindung und den Betrieb des Unternehmens zu erleichtern.<\/li>\n\n\n\n<li>Wir sind regelm\u00e4\u00dfig mit Abfassung und Gegenzeichnung von Gesellschaftsdokumenten betraut und nehmen bei Bedarf an Hauptversammlungen, Generalversammlungen und Aufsichtsratssitzungen teil. Wir erstellen Rechtsgutachten um die Arbeit der Gesch\u00e4ftsf\u00fchrung zu unterst\u00fctzen und pflegen kontinuierlich den Vertragsbestand unserer Mandanten. Wir helfen bei der Ausarbeitung von Arbeitsvertr\u00e4gen und bei der reibungslosen Abwicklung von Entlassungen, geben Stellungnahmen zu Vertr\u00e4gen mit Lieferanten, Partnern und Subunternehmern ab, k\u00fcmmern uns um die Bew\u00e4ltigung von Forderungen und Rechtsstreitigkeiten der Gesellschaften und vertreten die Interessen unserer ungarischen und ausl\u00e4ndischen Mandanten in allen anderen Angelegenheiten.<\/li>\n<\/ul>\n\n\n\n<h2 class=\"wp-block-heading has-large-font-size\">Unser Honorar<\/h2>\n\n\n\n<ul class=\"wp-block-list\">\n<li>Unsere Anwaltskanzlei bietet Ihnen die M\u00f6glichkeit, unsere Dienstleistungen auf der Grundlage eines Stundenhonorars oder eines Pauschalhonorars in Anspruch zu nehmen.<\/li>\n\n\n\n<li>F\u00fcr die Mehrheit unserer Kunden empfehlen wir eine stundenweise Abrechnung. Bei dieser Abrechnungsmethode werden nur die tats\u00e4chlich im Abrechnungszeitraum angefallenen Arbeitsstunden berechnet und erm\u00f6glicht die transparente Verfolgung und \u00dcberwachung der erbrachten Leistungen. Wir ber\u00fccksichtigen die voraussichtliche monatliche Stundenzahl und die Komplexit\u00e4t der \u00fcblichen F\u00e4lle und unterbreiten Ihnen auf dieser Grundlage unseren Vorschlag f\u00fcr den Stundensatz.<\/li>\n\n\n\n<li>Viele unserer Mandanten bevorzugen die Pauschalabrechnung. Diese Abrechnungsmethode empfehlen wir, wenn der durchschnittliche Umfang der im Zusammenhang mit Ihrer Gesellschaft anfallenden rechtliche Aufgaben erfahrungsgem\u00e4\u00df relativ vorhersehbar ist oder wenn die Kostenvorhersehbarkeit f\u00fcr Ihre Gesellschaft wichtig ist.<\/li>\n<\/ul>\n\n\n\n<h2 class=\"wp-block-heading has-large-font-size\">Womit wir Ihnen helfen k\u00f6nnen<\/h2>\n\n\n\n<ul class=\"wp-block-list\">\n<li><strong>Stellungnahme zu Vertr\u00e4gen und umfassende Rechtsberatung<\/strong> \u2013 unsere Praxis bedeckt die verschiedensten Vertragsarten und ber\u00e4t regelm\u00e4\u00dfig zu Kauf-, Liefer-, Werk-, Mandats-, Miet-, Lizenz- und Syndikatsvertr\u00e4gen und sowie anderen Vertr\u00e4gen. Dank unserer aktuellen Kenntnisse \u00fcber das Wirtschaftsleben sind wir in der Lage, unsere Mandanten auch in wirtschaftlichen Fragen kompetent zu beraten und Ihre Gesellschaft bei allen unternehmensrechtlichen Vereinbarungen mit Rechtsberatung unterst\u00fctzen zu k\u00f6nnen. Wir bieten kleinen, mittleren und gro\u00dfen Unternehmen seit langem fortlaufenden und allgemeinen Rechtsbeistand, so dass wir sagen k\u00f6nnen, dass es gibt nicht mehr viel, was uns im Bereich des Wirtschaftsrechts \u00fcberraschen kann.<\/li>\n\n\n\n<li><strong>Immobilienfinanzierungsvertr\u00e4ge<\/strong> \u2013 Wir bieten umfassende Rechtsberatung f\u00fcr s\u00e4mtliche Aspekte von Immobilienfinanzierungsgesch\u00e4ften, einschlie\u00dflich der Errichtung von Hypothek-Sicherheiten und der damit verbundenen Eintragungsverfahren.<\/li>\n\n\n\n<li><strong>Firmengr\u00fcndung und -\u00e4nderung <\/strong>\u2013 Wenn Sie ein Unternehmen, eine Tochtergesellschaft oder eine Zweigniederlassung in Ungarn gr\u00fcnden m\u00f6chten, unterst\u00fctzen wir Sie durch den gesamten Prozess. Wir erstellen alle erforderlichen Unterlagen und vertreten Ihre Gesellschaft vor dem Firmengericht. Wir helfen Ihnen bei der Auswahl der optimalen Gesellschaftsform f\u00fcr Ihr Unternehmen und finden die beste und einfachste Bedienungsform. Ob Sie die \u00c4nderung des eingetragenen Sitzes, der Mitglieder, des Kapitals oder eine andere \u00c4nderung vornehmen m\u00f6chten, wir k\u00f6nnen Ihnen mit Erstellung der erforderlichen Unterlagen und rechtlicher Beratung helfen.<\/li>\n\n\n\n<li><strong>Mietvertragen <\/strong>\u2013 Ganz gleich, ob es um einen Mietvertrag f\u00fcr ein Lager, eine Fabrik oder Gesch\u00e4ftsr\u00e4ume in einem gro\u00dfen Einkaufszentrum geht, wir unterst\u00fctzen Sie bei der Gestaltung und \u00c4nderung des Vertrags und empfehlen Sicherheitsvorkehrungen und Sanktionen, um die Einhaltung der vertraglichen Verpflichtungen zu gew\u00e4hrleisten.<\/li>\n\n\n\n<li><strong>Durchleuchtung <\/strong>\u2013 In einigen F\u00e4llen ist es gesetzlich vorgeschrieben, in anderen muss man einfach vorsichtig sein. In jedem Fall wird unsere Untersuchung die St\u00e4rken und Schw\u00e4chen der Gesellschaft aufdecken, damit Sie die beste Entscheidung treffen k\u00f6nnen.<\/li>\n\n\n\n<li><strong>Arbeitsrecht <\/strong>\u2013 F\u00fcr die meisten von uns vertretenen Unternehmen stellen sich fr\u00fcher oder sp\u00e4ter arbeitsrechtliche Fragen. Ob es um Arbeitsvertr\u00e4ge, Einstellungen, K\u00fcndigungen, Wettbewerbsverbote oder Geheimhaltungsvereinbarungen geht, stehen wir der Personalabteilung mit rechtlicher Beratung zur Seite.<\/li>\n\n\n\n<li><strong>Immobilienverwaltungsvertr\u00e4ge<\/strong> \u2013 Wir unterst\u00fctzen sowohl Immobilieneigent\u00fcmer als auch Immobilienverwalter bei der L\u00f6sung von rechtlichen Fragen, die sich im Zusammenhang mit der Verwaltung und dem Betrieb von Immobilien ergeben, einschlie\u00dflich der Ausarbeitung der erforderlichen Maklervertr\u00e4gen und -mandaten, Geb\u00e4udemanagementvertr\u00e4gen und damit verbundenen Dienstleistungsvertr\u00e4gen.<\/li>\n\n\n\n<li><strong>Steuerfragen <\/strong>\u2013 Bei der F\u00fchrung Ihres Unternehmens k\u00f6nnen Sie auf Steuerfragen sto\u00dfen, die f\u00fcr Ihren Buchhalter zu kompliziert sind, aber nicht kompliziert genug, um einen teuren Steuerberater zu konsultieren. Unsere Kanzlei kann Ihnen bei diesen steuerrechtlichen Fragen behilflich sein und Ihren Buchhalter oder Ihre Finanzabteilung unterst\u00fctzen.<\/li>\n\n\n\n<li><strong>Whistleblowing <\/strong>\u2013 Wir entwerfen Missbrauchsmeldevorschriften f\u00fcr Unternehmen mit mehr als f\u00fcnfzig Mitarbeitern und erf\u00fcllen die anwaltlichen Aufgaben zum Schutz von Hinweisgebern.<\/li>\n\n\n\n<li><strong>Einwanderungs- und Aufenthaltsgenehmigungen<\/strong> \u2013 Viele unserer Mandanten besch\u00e4ftigen Arbeitnehmer aus Drittl\u00e4ndern in Ungarn. Unser Ziel ist es, einen umfassenden Service anzubieten, einschlie\u00dflich rechtlicher Unterst\u00fctzung und Vertretung vor den Einwanderungsbeh\u00f6rden. Wenn Ihre Arbeitnehmer eine Aufenthaltsgenehmigung in Ungarn ben\u00f6tigen, stehen wir Ihnen und Ihren Arbeitnehmer gerne zur Verf\u00fcgung.<\/li>\n\n\n\n<li><strong>Datenschutz und GDPR<\/strong> \u2013 Wir bieten Rechtsberatung und entwerfen Datenmanagement- und Datenschutzrichtlinien f\u00fcr Unternehmen. Wir f\u00fchren gr\u00fcndliche GDPR-Audits durch, um den Betrieb unserer Mandanten zu \u00fcberpr\u00fcfen. Auf der Grundlage der Ergebnisse unseres Audits bieten wir umfassende L\u00f6sungen an, um alle rechtlichen Risiken Ihres Unternehmens zu minimieren.<\/li>\n\n\n\n<li><strong>Allgemeine Gesch\u00e4ftsbedingungen f\u00fcr Webshops und Apps<\/strong> \u2013 Wenn Sie vorhaben, einen Webshop zu er\u00f6ffnen oder eine neue App zu ver\u00f6ffentlichen, m\u00fcssen Sie neben den GDPR-Richtlinien auch Allgemeine Gesch\u00e4ftsbedingungen f\u00fcr die von Ihrer Gesellschaft angebotenen Dienste erstellen. Durch die Harmonisierung von Gesch\u00e4fts- und Datenverwaltungsprozessen bereiten wir die erforderlichen Dokumente vor.<\/li>\n<\/ul>\n\n\n\n<h2 class=\"wp-block-heading has-large-font-size\">\u00dcber unsere Kanzlei<\/h2>\n\n\n\n<ul class=\"wp-block-list\">\n<li>Mit der Erfahrung, die wir in den letzten zwei Jahrzehnten bei der Gr\u00fcndung, \u00c4nderung und st\u00e4ndigen Vertretung in ihren allt\u00e4glichen Angelegenheiten von Hunderten von Gesellschaften gesammelt haben, gibt es nur wenige wirtschaftsrechtliche Fragen, die unser Expertenteam nicht schnell und professionell beantworten kann. Wenn Ihre Gesellschaft eine st\u00e4ndige rechtliche Vertretung in Ungarn ben\u00f6tigt, wenden Sie sich vertrauensvoll an uns.<\/li>\n\n\n\n<li>In unserer Kanzlei stehen derzeit zehn Juristen (davon sechs Rechtsanw\u00e4lte) zur Verf\u00fcgung, damit Ihre Gesellschaft immer in guten H\u00e4nden ist! Sollten Sie Fragen zum Gesellschaftsrecht haben, unsere Kollegen k\u00f6nnen Sie auf Englisch oder Deutsch aktuell beraten. In der N\u00e4he des M\u00f3ricz Zsigmond Platz bieten wir unseren Mandanten umfassende Anwaltsdienstleistungen im Bereich des Wirtschaftsrechts und der allgemeinen Unternehmensvertretung.<\/li>\n<\/ul>\n","protected":false},"excerpt":{"rendered":"<p>Unsere Dienstleistungen Unser Honorar Womit wir Ihnen helfen k\u00f6nnen \u00dcber unsere Kanzlei<\/p>\n","protected":false},"author":2,"featured_media":5461,"parent":0,"menu_order":0,"comment_status":"closed","ping_status":"closed","template":"landing_01.php","meta":{"_acf_changed":false,"rop_custom_images_group":[],"rop_custom_messages_group":[],"rop_publish_now":"initial","rop_publish_now_accounts":[],"rop_publish_now_history":[],"rop_publish_now_status":"pending","footnotes":""},"class_list":["post-8401","page","type-page","status-publish","has-post-thumbnail","hentry"],"acf":[],"_links":{"self":[{"href":"https:\/\/www.madarassy-legal.com\/de\/wp-json\/wp\/v2\/pages\/8401","targetHints":{"allow":["GET"]}}],"collection":[{"href":"https:\/\/www.madarassy-legal.com\/de\/wp-json\/wp\/v2\/pages"}],"about":[{"href":"https:\/\/www.madarassy-legal.com\/de\/wp-json\/wp\/v2\/types\/page"}],"author":[{"embeddable":true,"href":"https:\/\/www.madarassy-legal.com\/de\/wp-json\/wp\/v2\/users\/2"}],"replies":[{"embeddable":true,"href":"https:\/\/www.madarassy-legal.com\/de\/wp-json\/wp\/v2\/comments?post=8401"}],"version-history":[{"count":21,"href":"https:\/\/www.madarassy-legal.com\/de\/wp-json\/wp\/v2\/pages\/8401\/revisions"}],"predecessor-version":[{"id":9482,"href":"https:\/\/www.madarassy-legal.com\/de\/wp-json\/wp\/v2\/pages\/8401\/revisions\/9482"}],"wp:featuredmedia":[{"embeddable":true,"href":"https:\/\/www.madarassy-legal.com\/de\/wp-json\/wp\/v2\/media\/5461"}],"wp:attachment":[{"href":"https:\/\/www.madarassy-legal.com\/de\/wp-json\/wp\/v2\/media?parent=8401"}],"curies":[{"name":"wp","href":"https:\/\/api.w.org\/{rel}","templated":true}]}}